{"id":312,"date":"2017-10-20T07:05:11","date_gmt":"2017-10-20T05:05:11","guid":{"rendered":"https:\/\/siptelcom.fr\/?page_id=312"},"modified":"2017-10-20T07:31:25","modified_gmt":"2017-10-20T05:31:25","slug":"routeurs-gsm","status":"publish","type":"page","link":"https:\/\/siptelcom.fr\/index.php\/routeurs-gsm\/","title":{"rendered":"Routeurs GSM"},"content":{"rendered":"<p>&nbsp;<\/p>\n<h1 style=\"text-align: center;\"><strong>Routeurs Cellulaires<\/strong><\/h1>\n<p><img loading=\"lazy\" decoding=\"async\" class=\"size-medium wp-image-314 aligncenter\" src=\"https:\/\/siptelcom.fr\/wp-content\/uploads\/2017\/10\/Routeur-R3000-300x300.png\" alt=\"\" width=\"300\" height=\"300\" srcset=\"https:\/\/siptelcom.fr\/wp-content\/uploads\/2017\/10\/Routeur-R3000-300x300.png 300w, https:\/\/siptelcom.fr\/wp-content\/uploads\/2017\/10\/Routeur-R3000-150x150.png 150w, https:\/\/siptelcom.fr\/wp-content\/uploads\/2017\/10\/Routeur-R3000-100x100.png 100w, https:\/\/siptelcom.fr\/wp-content\/uploads\/2017\/10\/Routeur-R3000.png 500w\" sizes=\"(max-width: 300px) 100vw, 300px\" \/><\/p>\n<p style=\"text-align: justify;\">Les routeurs GoRugged sont des passerelles VPN cellulaire de qualit\u00e9 industrielle, faciles \u00e0 d\u00e9ployer, robustes et fiables con\u00e7us pour les applications M2M \/ IoT.<\/p>\n<h2>Applications<\/h2>\n<div id=\"singleSolution_1_2\" class=\"singleSolutionDesc\">\n<p style=\"text-align: justify;\">Vente au d\u00e9tail :\u00a0 Communication s\u00e9curis\u00e9e sans fil \u00e0 haute vitesse pour la vente au d\u00e9tail, les jeux, les syst\u00e8mes de r\u00e9seau de bureaux de succursales.<\/p>\n<p style=\"text-align: justify;\">Service public :\u00a0 Solutions de communication fiables, faciles \u00e0 d\u00e9ployer pour les actifs des services<\/p>\n<p style=\"text-align: justify;\">Energie : Dispositifs sans fil \u00e9conomiques, robustes et fiables pour fournir une connectivit\u00e9 transparente pour les infrastructures \u00e9nerg\u00e9tiques critiques<\/p>\n<div id=\"singleSolution_1_2\" class=\"singleSolutionDesc\">\n<p style=\"text-align: justify;\">S\u00e9curit\u00e9 :\u00a0 Les syst\u00e8mes de s\u00e9curit\u00e9 bas\u00e9s sur M2M prot\u00e8gent les biens priv\u00e9s et actifs contre le vandalisme, l&rsquo;abus et l&rsquo;acc\u00e8s non autoris\u00e9.<\/p>\n<div id=\"singleSolution_1_2\" class=\"singleSolutionDesc\">\n<p style=\"text-align: justify;\">Transports :\u00a0 Solutions de communication sans fil robustes et faciles \u00e0 d\u00e9ployer pour les syst\u00e8mes de transport modernes.<\/p>\n<p style=\"text-align: justify;\">Automatisation industrielle :\u00a0 Technologies qui peuvent aider \u00e0 maintenir en toute s\u00e9curit\u00e9 et \u00e0 surveiller les syst\u00e8mes afin d\u2019am\u00e9liorer l&rsquo;efficacit\u00e9 et la s\u00e9curit\u00e9.<\/p>\n<p style=\"text-align: justify;\">En savoir plus : <a href=\"https:\/\/siptelcom.fr\/wp-content\/uploads\/2017\/10\/Routeurs-M2M.pdf\" target=\"_blank\" rel=\"noopener\">Routeurs M2M<\/a><\/p>\n<\/div>\n<\/div>\n<\/div>\n","protected":false},"excerpt":{"rendered":"<p>&nbsp; Routeurs Cellulaires Les routeurs GoRugged sont des passerelles VPN cellulaire de qualit\u00e9 industrielle, faciles \u00e0 d\u00e9ployer, robustes et fiables con\u00e7us pour les applications M2M \/ IoT. Applications Vente au d\u00e9tail :\u00a0 Communication s\u00e9curis\u00e9e sans fil \u00e0 haute vitesse pour la vente au d\u00e9tail, les jeux, les syst\u00e8mes de r\u00e9seau de bureaux de succursales. Service &hellip; <\/p>\n<p class=\"link-more\"><a href=\"https:\/\/siptelcom.fr\/index.php\/routeurs-gsm\/\" class=\"more-link\">Continuer la lecture<span class=\"screen-reader-text\"> de &laquo;&nbsp;Routeurs GSM&nbsp;&raquo;<\/span><\/a><\/p>\n","protected":false},"author":1,"featured_media":0,"parent":0,"menu_order":0,"comment_status":"closed","ping_status":"closed","template":"","meta":{"footnotes":""},"_links":{"self":[{"href":"https:\/\/siptelcom.fr\/index.php\/wp-json\/wp\/v2\/pages\/312"}],"collection":[{"href":"https:\/\/siptelcom.fr\/index.php\/wp-json\/wp\/v2\/pages"}],"about":[{"href":"https:\/\/siptelcom.fr\/index.php\/wp-json\/wp\/v2\/types\/page"}],"author":[{"embeddable":true,"href":"https:\/\/siptelcom.fr\/index.php\/wp-json\/wp\/v2\/users\/1"}],"replies":[{"embeddable":true,"href":"https:\/\/siptelcom.fr\/index.php\/wp-json\/wp\/v2\/comments?post=312"}],"version-history":[{"count":2,"href":"https:\/\/siptelcom.fr\/index.php\/wp-json\/wp\/v2\/pages\/312\/revisions"}],"predecessor-version":[{"id":328,"href":"https:\/\/siptelcom.fr\/index.php\/wp-json\/wp\/v2\/pages\/312\/revisions\/328"}],"wp:attachment":[{"href":"https:\/\/siptelcom.fr\/index.php\/wp-json\/wp\/v2\/media?parent=312"}],"curies":[{"name":"wp","href":"https:\/\/api.w.org\/{rel}","templated":true}]}}