{"id":270,"date":"2017-09-14T09:04:11","date_gmt":"2017-09-14T07:04:11","guid":{"rendered":"https:\/\/siptelcom.fr\/?page_id=270"},"modified":"2017-09-14T09:07:30","modified_gmt":"2017-09-14T07:07:30","slug":"pabx-analogiques","status":"publish","type":"page","link":"https:\/\/siptelcom.fr\/index.php\/nos-produits\/pabx-analogiques\/","title":{"rendered":"PABX analogiques"},"content":{"rendered":"<div class=\"csRow\">\n<div class=\"csColumnGap\" style=\"margin: 0px; padding: 0px; width: 1.56%; float: left;\"><img decoding=\"async\" style=\"border: currentColor;\" src=\"https:\/\/siptelcom.fr\/wp-content\/plugins\/advanced-wp-columns\/assets\/js\/plugins\/views\/img\/1x1-pixel.png\" \/><\/div>\n<div class=\"csColumn\" style=\"margin: 0px; padding: 0px; width: 31.3%; float: left;\" data-csstartpoint=\"15\" data-csendpoint=\"315\" data-cswidth=\"31.3%\" data-csid=\"f10a6bcb-02d0-c40a-94ef-ed2666c550f3\">\n<p style=\"text-align: center;\"><strong>PBX 207<\/strong><\/p>\n<p><img loading=\"lazy\" decoding=\"async\" class=\"alignnone size-medium wp-image-256\" src=\"https:\/\/siptelcom.fr\/wp-content\/uploads\/2017\/09\/pbx-207_f-300x213.jpg\" alt=\"\" width=\"300\" height=\"213\" srcset=\"https:\/\/siptelcom.fr\/wp-content\/uploads\/2017\/09\/pbx-207_f-300x213.jpg 300w, https:\/\/siptelcom.fr\/wp-content\/uploads\/2017\/09\/pbx-207_f.jpg 707w\" sizes=\"(max-width: 300px) 100vw, 300px\" \/>Commutateur Small Office \/ Home Office avec capacit\u00e9 jusqu&rsquo;\u00e0 deux lignes externes et 7 postes. Standard automatique, Compatible avec l&rsquo;identification de l&rsquo;appelant, Interphone entre les postes, Transfert d&rsquo;appel entre les postes. Conf\u00e9rence t\u00e9l\u00e9phonique, Appel en attente, Transfert d&rsquo;appel sur occupation, Musique en attente et beaucoup plus \u2026<\/p>\n<\/div>\n<div class=\"csColumnGap\" style=\"margin: 0px; padding: 0px; width: 1.56%; float: left;\"><img decoding=\"async\" style=\"border: currentColor;\" src=\"https:\/\/siptelcom.fr\/wp-content\/plugins\/advanced-wp-columns\/assets\/js\/plugins\/views\/img\/1x1-pixel.png\" \/><\/div>\n<div class=\"csColumn\" style=\"margin: 0px; padding: 0px; width: 31.3%; float: left;\" data-csstartpoint=\"330\" data-csendpoint=\"630\" data-cswidth=\"31.3%\" data-csid=\"c81451d3-9509-0587-a62f-d3c7f5057445\">\n<p style=\"text-align: center;\"><strong>PBX 308+<\/strong><\/p>\n<p><img loading=\"lazy\" decoding=\"async\" class=\"alignnone size-medium wp-image-258\" src=\"https:\/\/siptelcom.fr\/wp-content\/uploads\/2017\/09\/pbx-308_f-300x205.png\" alt=\"\" width=\"300\" height=\"205\" srcset=\"https:\/\/siptelcom.fr\/wp-content\/uploads\/2017\/09\/pbx-308_f-300x205.png 300w, https:\/\/siptelcom.fr\/wp-content\/uploads\/2017\/09\/pbx-308_f.png 642w\" sizes=\"(max-width: 300px) 100vw, 300px\" \/>Syst\u00e8me t\u00e9l\u00e9phonique avec capacit\u00e9 jusqu&rsquo;\u00e0 trois lignes externes et 8 postes. Standard automatique, Compatible avec l&rsquo;identification de l&rsquo;appelant, Interphone entre les postes, Transfert d&rsquo;appel entre les postes. Conf\u00e9rence t\u00e9l\u00e9phonique, Appel en attente, Transfert d&rsquo;appel sur occupation, Entr\u00e9e musique d\u2019attente externe, 99 num\u00e9ros abr\u00e9g\u00e9s, D\u00e9tection Fax automatique, programmation \u00e0 distance.<\/p>\n<\/div>\n<div class=\"csColumnGap\" style=\"margin: 0px; padding: 0px; width: 1.56%; float: left;\"><img decoding=\"async\" style=\"border: currentColor;\" src=\"https:\/\/siptelcom.fr\/wp-content\/plugins\/advanced-wp-columns\/assets\/js\/plugins\/views\/img\/1x1-pixel.png\" \/><\/div>\n<div class=\"csColumn\" style=\"margin: 0px; padding: 0px; width: 31.3%; float: left;\" data-csstartpoint=\"645\" data-csendpoint=\"945\" data-cswidth=\"31.3%\" data-csid=\"d4517ee8-a0d5-9dbf-8d4d-12a7213f45bc\">\n<p style=\"text-align: center;\"><strong>PBX416+<\/strong><\/p>\n<p><img loading=\"lazy\" decoding=\"async\" class=\"alignnone size-medium wp-image-260\" src=\"https:\/\/siptelcom.fr\/wp-content\/uploads\/2017\/09\/pbx-416_f-300x204.png\" alt=\"\" width=\"300\" height=\"204\" srcset=\"https:\/\/siptelcom.fr\/wp-content\/uploads\/2017\/09\/pbx-416_f-300x204.png 300w, https:\/\/siptelcom.fr\/wp-content\/uploads\/2017\/09\/pbx-416_f.png 611w\" sizes=\"(max-width: 300px) 100vw, 300px\" \/>Syst\u00e8me t\u00e9l\u00e9phonique avec capacit\u00e9 jusqu&rsquo;\u00e0 quatre lignes externes et 16 postes. Standard automatique, Compatible avec l&rsquo;identification de l&rsquo;appelant, Interphone entre les postes, Transfert d&rsquo;appel entre les postes. Conf\u00e9rence t\u00e9l\u00e9phonique, Appel en attente, Transfert d&rsquo;appel sur occupation, Entr\u00e9e musique d\u2019attente externe, 99 num\u00e9ros abr\u00e9g\u00e9s, D\u00e9tection Fax automatique, programmation \u00e0 distance.<\/p>\n<\/div>\n<div class=\"csColumnGap\" style=\"margin: 0px; padding: 0px; width: 1.56%; float: left;\"><img decoding=\"async\" style=\"border: currentColor;\" src=\"https:\/\/siptelcom.fr\/wp-content\/plugins\/advanced-wp-columns\/assets\/js\/plugins\/views\/img\/1x1-pixel.png\" \/><\/div>\n<div style=\"width: 0px; line-height: 0; clear: both; font-size: 0px; float: none; display: block; visibility: hidden;\"><\/div>\n<\/div>\n<div class=\"csRow\">\n<div class=\"csColumnGap\" style=\"margin: 0px; padding: 0px; width: 1.56%; float: left;\"><img decoding=\"async\" style=\"border: currentColor;\" src=\"https:\/\/siptelcom.fr\/wp-content\/plugins\/advanced-wp-columns\/assets\/js\/plugins\/views\/img\/1x1-pixel.png\" \/><\/div>\n<div class=\"csColumn\" style=\"margin: 0px; padding: 0px; width: 31.3%; float: left;\" data-csstartpoint=\"15\" data-csendpoint=\"315\" data-cswidth=\"31.3%\" data-csid=\"2e2cf0a1-395e-71e0-a491-ea9f6a23b37f\">\n<p style=\"text-align: center;\"><strong>DECT312<\/strong><\/p>\n<p><img loading=\"lazy\" decoding=\"async\" class=\"alignnone size-medium wp-image-245\" src=\"https:\/\/siptelcom.fr\/wp-content\/uploads\/2017\/09\/dect-312_f-300x192.jpg\" alt=\"\" width=\"300\" height=\"192\" srcset=\"https:\/\/siptelcom.fr\/wp-content\/uploads\/2017\/09\/dect-312_f-300x192.jpg 300w, https:\/\/siptelcom.fr\/wp-content\/uploads\/2017\/09\/dect-312_f.jpg 650w\" sizes=\"(max-width: 300px) 100vw, 300px\" \/>Un v\u00e9ritable syst\u00e8me DECT analogique plug and play pour 1, 2 ou 3 lignes r\u00e9seau. Le pack de d\u00e9marrage est livr\u00e9 avec 3 combin\u00e9s d&rsquo;une capacit\u00e9 maximale de 12. Pas de c\u00e2blage, il suffit de brancher la base principale dans les prises t\u00e9l\u00e9phoniques, les combin\u00e9s sont pr\u00e9-enregistr\u00e9s et il suffit de les brancher sur des prises secteur. Vous pouvez mettre les appels en attente, transf\u00e9rer les appels, faire des appels internes, des conf\u00e9rences t\u00e9l\u00e9phoniques, du standard automatique (anglais), 10 m\u00e9lodies pour appels internes et externes, mains libres, compatible GAP et bien plus encore \u2026<\/p>\n<\/div>\n<div class=\"csColumnGap\" style=\"margin: 0px; padding: 0px; width: 1.56%; float: left;\"><img decoding=\"async\" style=\"border: currentColor;\" src=\"https:\/\/siptelcom.fr\/wp-content\/plugins\/advanced-wp-columns\/assets\/js\/plugins\/views\/img\/1x1-pixel.png\" \/><\/div>\n<div class=\"csColumn\" style=\"margin: 0px; padding: 0px; width: 31.3%; float: left;\" data-csstartpoint=\"330\" data-csendpoint=\"630\" data-cswidth=\"31.3%\" data-csid=\"ed085823-b804-dcac-9e3e-152e10701764\">\n<p style=\"text-align: center;\"><strong>PBX816ex<\/strong><\/p>\n<p><img loading=\"lazy\" decoding=\"async\" class=\"alignnone size-medium wp-image-262\" src=\"https:\/\/siptelcom.fr\/wp-content\/uploads\/2017\/09\/pbx-816ex_f-300x139.png\" alt=\"\" width=\"300\" height=\"139\" srcset=\"https:\/\/siptelcom.fr\/wp-content\/uploads\/2017\/09\/pbx-816ex_f-300x139.png 300w, https:\/\/siptelcom.fr\/wp-content\/uploads\/2017\/09\/pbx-816ex_f.png 761w\" sizes=\"(max-width: 300px) 100vw, 300px\" \/>Le PBX816ex est un syst\u00e8me t\u00e9l\u00e9phonique analogique extensible qui offre une capacit\u00e9 jusqu&rsquo;\u00e0 8 lignes r\u00e9seau et 16 postes en standard et peut facilement \u00eatre \u00e9tendu jusqu&rsquo;\u00e0 16 lignes r\u00e9seau et 128 postes en utilisant les cartes d\u2019extension Postes et Ligne R\u00e9seau (voir EEC816 et LEC816 ci-dessous). Il a toutes les fonctionnalit\u00e9s de l&rsquo;Orchid PBX416 +. Il est compatible avec tous les t\u00e9l\u00e9phones analogiques, filaires ou sans fil, il est facile \u00e0 installer et \u00e0 utiliser, id\u00e9al pour les entreprises de petite et moyenne taille qui souhaitent se d\u00e9velopper dans le futur.<\/p>\n<\/div>\n<div class=\"csColumnGap\" style=\"margin: 0px; padding: 0px; width: 1.56%; float: left;\"><img decoding=\"async\" style=\"border: currentColor;\" src=\"https:\/\/siptelcom.fr\/wp-content\/plugins\/advanced-wp-columns\/assets\/js\/plugins\/views\/img\/1x1-pixel.png\" \/><\/div>\n<div class=\"csColumn\" style=\"margin: 0px; padding: 0px; width: 31.3%; float: left;\" data-csstartpoint=\"645\" data-csendpoint=\"945\" data-cswidth=\"31.3%\" data-csid=\"50a3baa2-f2d2-e2b4-b5d1-212d92695084\">\n<p style=\"text-align: center;\"><strong>EEC816 &amp; LEC816<\/strong><\/p>\n<p><img loading=\"lazy\" decoding=\"async\" class=\"alignnone size-medium wp-image-261\" src=\"https:\/\/siptelcom.fr\/wp-content\/uploads\/2017\/09\/pbx-816ex_b-300x155.png\" alt=\"\" width=\"300\" height=\"155\" srcset=\"https:\/\/siptelcom.fr\/wp-content\/uploads\/2017\/09\/pbx-816ex_b-300x155.png 300w, https:\/\/siptelcom.fr\/wp-content\/uploads\/2017\/09\/pbx-816ex_b-768x396.png 768w, https:\/\/siptelcom.fr\/wp-content\/uploads\/2017\/09\/pbx-816ex_b.png 844w\" sizes=\"(max-width: 300px) 100vw, 300px\" \/>Les cartes d&rsquo;extension soit pour les lignes r\u00e9seau (LEC) ou les postes (EEC) sont fournies par blocs de huit. Ainsi, par exemple, une carte Postes vous fournira huit postes suppl\u00e9mentaires &#8211; un moyen tr\u00e8s simple et rentable d&rsquo;augmenter votre outil de communication \u00e0 mesure que votre entreprise grandit. Les cartes se branchent simplement \u00e0 l&rsquo;arri\u00e8re de l&rsquo;Orchid PBX816ex. Aucune programmation n\u00e9cessaire, il suffit de red\u00e9marrer.<\/p>\n<\/div>\n<div class=\"csColumnGap\" style=\"margin: 0px; padding: 0px; width: 1.56%; float: left;\"><img decoding=\"async\" style=\"border: currentColor;\" src=\"https:\/\/siptelcom.fr\/wp-content\/plugins\/advanced-wp-columns\/assets\/js\/plugins\/views\/img\/1x1-pixel.png\" \/><\/div>\n<div style=\"width: 0px; line-height: 0; clear: both; font-size: 0px; float: none; display: block; visibility: hidden;\"><\/div>\n<\/div>\n<div class=\"csRow\">\n<div class=\"csColumnGap\" style=\"margin: 0px; padding: 0px; width: 1.56%; float: left;\"><img decoding=\"async\" style=\"border: currentColor;\" src=\"https:\/\/siptelcom.fr\/wp-content\/plugins\/advanced-wp-columns\/assets\/js\/plugins\/views\/img\/1x1-pixel.png\" \/><\/div>\n<div class=\"csColumn\" style=\"margin: 0px; padding: 0px; width: 31.3%; float: left;\" data-csstartpoint=\"15\" data-csendpoint=\"315\" data-cswidth=\"31.3%\" data-csid=\"62111368-fb1d-838e-b487-75e4011fe232\">\n<p style=\"text-align: center;\"><strong>KS416<\/strong><\/p>\n<p><img loading=\"lazy\" decoding=\"async\" class=\"alignnone size-medium wp-image-249\" src=\"https:\/\/siptelcom.fr\/wp-content\/uploads\/2017\/09\/ks416_f-300x199.png\" alt=\"\" width=\"300\" height=\"199\" srcset=\"https:\/\/siptelcom.fr\/wp-content\/uploads\/2017\/09\/ks416_f-300x199.png 300w, https:\/\/siptelcom.fr\/wp-content\/uploads\/2017\/09\/ks416_f.png 565w\" sizes=\"(max-width: 300px) 100vw, 300px\" \/>Syst\u00e8me t\u00e9l\u00e9phonique avec capacit\u00e9 jusqu&rsquo;\u00e0 quatre lignes externes et 16 postes. Permet l\u2019utilisation du poste KP416 et tout autre poste analogique. Standard automatique, Compatible avec l&rsquo;identification de l&rsquo;appelant, Interphone entre les postes, Transfert d&rsquo;appel entre les postes. Conf\u00e9rence t\u00e9l\u00e9phonique, Appel en attente, Transfert d&rsquo;appel sur occupation, Entr\u00e9e musique d\u2019attente externe, 99 num\u00e9ros abr\u00e9g\u00e9s, D\u00e9tection Fax automatique, programmation \u00e0 distance.<\/p>\n<\/div>\n<div class=\"csColumnGap\" style=\"margin: 0px; padding: 0px; width: 1.56%; float: left;\"><img decoding=\"async\" style=\"border: currentColor;\" src=\"https:\/\/siptelcom.fr\/wp-content\/plugins\/advanced-wp-columns\/assets\/js\/plugins\/views\/img\/1x1-pixel.png\" \/><\/div>\n<div class=\"csColumn\" style=\"margin: 0px; padding: 0px; width: 31.3%; float: left;\" data-csstartpoint=\"330\" data-csendpoint=\"630\" data-cswidth=\"31.3%\" data-csid=\"b523f084-8502-88c3-91c6-f68619b0d835\">\n<p style=\"text-align: center;\"><strong>KP416<\/strong><\/p>\n<p><img loading=\"lazy\" decoding=\"async\" class=\"alignnone size-medium wp-image-246\" src=\"https:\/\/siptelcom.fr\/wp-content\/uploads\/2017\/09\/kp416-300x217.png\" alt=\"\" width=\"300\" height=\"217\" srcset=\"https:\/\/siptelcom.fr\/wp-content\/uploads\/2017\/09\/kp416-300x217.png 300w, https:\/\/siptelcom.fr\/wp-content\/uploads\/2017\/09\/kp416-768x557.png 768w, https:\/\/siptelcom.fr\/wp-content\/uploads\/2017\/09\/kp416.png 781w\" sizes=\"(max-width: 300px) 100vw, 300px\" \/>Poste Op\u00e9rateur pour le syst\u00e8me KS416 SEULEMENT. Fournit un indicateur visuel de quelles lignes et extensions sont occup\u00e9es ou sonnent et ont des touches d\u2019interception et de transfert d\u2019appel. Poss\u00e8de un r\u00e9pertoire de 76 num\u00e9ros, avec 12 m\u00e9moires d\u2019acc\u00e8s direct. Enregistre tous les appels entrants et sortants, dispose de 8 sonneries, contr\u00f4le du volume, affichage \u00e0 cristaux liquides avec date et heure, haut-parleur, prise casque, carnet d&rsquo;adresses et plus encore.<\/p>\n<\/div>\n<div class=\"csColumnGap\" style=\"margin: 0px; padding: 0px; width: 1.56%; float: left;\"><img decoding=\"async\" style=\"border: currentColor;\" src=\"https:\/\/siptelcom.fr\/wp-content\/plugins\/advanced-wp-columns\/assets\/js\/plugins\/views\/img\/1x1-pixel.png\" \/><\/div>\n<div class=\"csColumn\" style=\"margin: 0px; padding: 0px; width: 31.3%; float: left;\" data-csstartpoint=\"645\" data-csendpoint=\"945\" data-cswidth=\"31.3%\" data-csid=\"a7930b43-8919-1b6b-80cb-11855c9b9df1\">\n<p style=\"text-align: center;\"><strong>XL220<\/strong><img loading=\"lazy\" decoding=\"async\" class=\"alignnone size-medium wp-image-263\" src=\"https:\/\/siptelcom.fr\/wp-content\/uploads\/2017\/09\/xl220-300x279.jpg\" alt=\"\" width=\"300\" height=\"279\" srcset=\"https:\/\/siptelcom.fr\/wp-content\/uploads\/2017\/09\/xl220-300x279.jpg 300w, https:\/\/siptelcom.fr\/wp-content\/uploads\/2017\/09\/xl220.jpg 516w\" sizes=\"(max-width: 300px) 100vw, 300px\" \/>Poste t\u00e9l\u00e9phonique aliment\u00e9 par la ligne (sans batterie ou alimentation secteur requise), mains libres &#8211; id\u00e9al pour les conf\u00e9rences t\u00e9l\u00e9phoniques. 10 touches m\u00e9moires directes, id\u00e9al pour les h\u00f4tels. Prise casque RJ9. R\u00e9ponse automatique sur l&rsquo;identification d\u2019un appelant sp\u00e9cifique, conception verticale pour un encombrement de bureau plus petit, \u00e9galement montage mural.<\/p>\n<\/div>\n<div class=\"csColumnGap\" style=\"margin: 0px; padding: 0px; width: 1.56%; float: left;\"><img decoding=\"async\" style=\"border: currentColor;\" src=\"https:\/\/siptelcom.fr\/wp-content\/plugins\/advanced-wp-columns\/assets\/js\/plugins\/views\/img\/1x1-pixel.png\" \/><\/div>\n<div style=\"width: 0px; line-height: 0; clear: both; font-size: 0px; float: none; display: block; visibility: hidden;\"><\/div>\n<\/div>\n<div class=\"csRow\">\n<div class=\"csColumnGap\" style=\"margin: 0px; padding: 0px; width: 1.56%; float: left;\"><img decoding=\"async\" style=\"border: currentColor;\" src=\"https:\/\/siptelcom.fr\/wp-content\/plugins\/advanced-wp-columns\/assets\/js\/plugins\/views\/img\/1x1-pixel.png\" \/><\/div>\n<div class=\"csColumn\" style=\"margin: 0px; padding: 0px; width: 31.3%; float: left;\" data-csstartpoint=\"15\" data-csendpoint=\"315\" data-cswidth=\"31.3%\" data-csid=\"4b6bbbd6-f0ce-b38a-952d-a6454409387d\">\n<p style=\"text-align: center;\"><strong>KS832<\/strong><\/p>\n<p><img loading=\"lazy\" decoding=\"async\" class=\"alignnone size-medium wp-image-254\" src=\"https:\/\/siptelcom.fr\/wp-content\/uploads\/2017\/09\/ks832_f-300x146.jpg\" alt=\"\" width=\"300\" height=\"146\" srcset=\"https:\/\/siptelcom.fr\/wp-content\/uploads\/2017\/09\/ks832_f-300x146.jpg 300w, https:\/\/siptelcom.fr\/wp-content\/uploads\/2017\/09\/ks832_f.jpg 726w\" sizes=\"(max-width: 300px) 100vw, 300px\" \/>Syst\u00e8me t\u00e9l\u00e9phonique analogique extensible avec une capacit\u00e9 de 8 lignes r\u00e9seau et 32 postes en standard et peut facilement \u00eatre \u00e9tendu jusqu&rsquo;\u00e0 16 lignes r\u00e9seau et 128 postes en utilisant les cartes d\u2019extension Postes et Ligne R\u00e9seau (voir EEC832 et LEC832 ci-dessous). Il permet l\u2019utilisation du poste KP832 et tout autre poste analogique. Standard automatique, Compatible avec l&rsquo;identification de l&rsquo;appelant, Interphone entre les postes, Transfert d&rsquo;appel entre les postes. Conf\u00e9rence t\u00e9l\u00e9phonique, Appel en attente, Transfert d&rsquo;appel sur occupation, Entr\u00e9e musique d\u2019attente externe, 99 num\u00e9ros abr\u00e9g\u00e9s, D\u00e9tection Fax automatique, programmation \u00e0 distance et bien plus \u2026<\/p>\n<\/div>\n<div class=\"csColumnGap\" style=\"margin: 0px; padding: 0px; width: 1.56%; float: left;\"><img decoding=\"async\" style=\"border: currentColor;\" src=\"https:\/\/siptelcom.fr\/wp-content\/plugins\/advanced-wp-columns\/assets\/js\/plugins\/views\/img\/1x1-pixel.png\" \/><\/div>\n<div class=\"csColumn\" style=\"margin: 0px; padding: 0px; width: 31.3%; float: left;\" data-csstartpoint=\"330\" data-csendpoint=\"630\" data-cswidth=\"31.3%\" data-csid=\"64b37b59-ddb7-6582-a9fb-acbc5eece71a\">\n<p style=\"text-align: center;\"><strong>EEC832 &amp; LEC832<\/strong><\/p>\n<p><img loading=\"lazy\" decoding=\"async\" class=\"alignnone size-medium wp-image-253\" src=\"https:\/\/siptelcom.fr\/wp-content\/uploads\/2017\/09\/ks832_b-300x134.jpg\" alt=\"\" width=\"300\" height=\"134\" srcset=\"https:\/\/siptelcom.fr\/wp-content\/uploads\/2017\/09\/ks832_b-300x134.jpg 300w, https:\/\/siptelcom.fr\/wp-content\/uploads\/2017\/09\/ks832_b-768x344.jpg 768w, https:\/\/siptelcom.fr\/wp-content\/uploads\/2017\/09\/ks832_b.jpg 1024w\" sizes=\"(max-width: 300px) 100vw, 300px\" \/>Les cartes d&rsquo;extension soit pour les lignes r\u00e9seau (LEC) ou les postes (EEC) sont fournies par blocs de huit. Ainsi, par exemple, une carte Postes vous fournira huit postes suppl\u00e9mentaires &#8211; un moyen tr\u00e8s simple et rentable d&rsquo;augmenter votre outil de communication \u00e0 mesure que votre entreprise grandit. Les cartes se branchent simplement \u00e0 l&rsquo;arri\u00e8re de l&rsquo;Orchid PBX816ex. Aucune programmation n\u00e9cessaire, il suffit de red\u00e9marrer.<\/p>\n<\/div>\n<div class=\"csColumnGap\" style=\"margin: 0px; padding: 0px; width: 1.56%; float: left;\"><img decoding=\"async\" style=\"border: currentColor;\" src=\"https:\/\/siptelcom.fr\/wp-content\/plugins\/advanced-wp-columns\/assets\/js\/plugins\/views\/img\/1x1-pixel.png\" \/><\/div>\n<div class=\"csColumn\" style=\"margin: 0px; padding: 0px; width: 31.3%; float: left;\" data-csstartpoint=\"645\" data-csendpoint=\"945\" data-cswidth=\"31.3%\" data-csid=\"996756e0-484c-ed2f-93f4-285e7715ca6e\">\n<p style=\"text-align: center;\"><strong>KP832<\/strong><img loading=\"lazy\" decoding=\"async\" class=\"alignnone wp-image-247\" src=\"https:\/\/siptelcom.fr\/wp-content\/uploads\/2017\/09\/KP616-832-300x249.jpg\" alt=\"\" width=\"153\" height=\"127\" srcset=\"https:\/\/siptelcom.fr\/wp-content\/uploads\/2017\/09\/KP616-832-300x249.jpg 300w, https:\/\/siptelcom.fr\/wp-content\/uploads\/2017\/09\/KP616-832.jpg 451w\" sizes=\"(max-width: 153px) 100vw, 153px\" \/>Poste Op\u00e9rateur pour le syst\u00e8me KS832 SEULEMENT. Fournit un indicateur visuel de quelles lignes et extensions sont occup\u00e9es ou sonnent et ont des touches d\u2019interception et de transfert d\u2019appel. Poss\u00e8de un r\u00e9pertoire de 76 num\u00e9ros, avec 12 m\u00e9moires d\u2019acc\u00e8s direct. Enregistre tous les appels entrants et sortants, dispose de 8 sonneries, contr\u00f4le du volume, affichage \u00e0 cristaux liquides avec date et heure, haut-parleur, prise casque, carnet d&rsquo;adresses et plus encore&#8230;<\/p>\n<\/div>\n<div class=\"csColumnGap\" style=\"margin: 0px; padding: 0px; width: 1.56%; float: left;\"><img decoding=\"async\" style=\"border: currentColor;\" src=\"https:\/\/siptelcom.fr\/wp-content\/plugins\/advanced-wp-columns\/assets\/js\/plugins\/views\/img\/1x1-pixel.png\" \/><\/div>\n<div style=\"width: 0px; line-height: 0; clear: both; font-size: 0px; float: none; display: block; visibility: hidden;\"><\/div>\n<\/div>\n<p>&nbsp;<\/p>\n","protected":false},"excerpt":{"rendered":"<p>PBX 207 Commutateur Small Office \/ Home Office avec capacit\u00e9 jusqu&rsquo;\u00e0 deux lignes externes et 7 postes. Standard automatique, Compatible avec l&rsquo;identification de l&rsquo;appelant, Interphone entre les postes, Transfert d&rsquo;appel entre les postes. Conf\u00e9rence t\u00e9l\u00e9phonique, Appel en attente, Transfert d&rsquo;appel sur occupation, Musique en attente et beaucoup plus \u2026 PBX 308+ Syst\u00e8me t\u00e9l\u00e9phonique avec capacit\u00e9 &hellip; <\/p>\n<p class=\"link-more\"><a href=\"https:\/\/siptelcom.fr\/index.php\/nos-produits\/pabx-analogiques\/\" class=\"more-link\">Continuer la lecture<span class=\"screen-reader-text\"> de &laquo;&nbsp;PABX analogiques&nbsp;&raquo;<\/span><\/a><\/p>\n","protected":false},"author":1,"featured_media":0,"parent":2,"menu_order":0,"comment_status":"closed","ping_status":"closed","template":"","meta":{"footnotes":""},"_links":{"self":[{"href":"https:\/\/siptelcom.fr\/index.php\/wp-json\/wp\/v2\/pages\/270"}],"collection":[{"href":"https:\/\/siptelcom.fr\/index.php\/wp-json\/wp\/v2\/pages"}],"about":[{"href":"https:\/\/siptelcom.fr\/index.php\/wp-json\/wp\/v2\/types\/page"}],"author":[{"embeddable":true,"href":"https:\/\/siptelcom.fr\/index.php\/wp-json\/wp\/v2\/users\/1"}],"replies":[{"embeddable":true,"href":"https:\/\/siptelcom.fr\/index.php\/wp-json\/wp\/v2\/comments?post=270"}],"version-history":[{"count":3,"href":"https:\/\/siptelcom.fr\/index.php\/wp-json\/wp\/v2\/pages\/270\/revisions"}],"predecessor-version":[{"id":273,"href":"https:\/\/siptelcom.fr\/index.php\/wp-json\/wp\/v2\/pages\/270\/revisions\/273"}],"up":[{"embeddable":true,"href":"https:\/\/siptelcom.fr\/index.php\/wp-json\/wp\/v2\/pages\/2"}],"wp:attachment":[{"href":"https:\/\/siptelcom.fr\/index.php\/wp-json\/wp\/v2\/media?parent=270"}],"curies":[{"name":"wp","href":"https:\/\/api.w.org\/{rel}","templated":true}]}}