{"id":17,"date":"2017-06-05T11:50:12","date_gmt":"2017-06-05T09:50:12","guid":{"rendered":"http:\/\/siptelcom.fr\/?page_id=17"},"modified":"2023-11-02T14:33:30","modified_gmt":"2023-11-02T13:33:30","slug":"nos-solutions","status":"publish","type":"page","link":"https:\/\/siptelcom.fr\/index.php\/nos-solutions\/","title":{"rendered":"Nos solutions"},"content":{"rendered":"\n<p><\/p>\n\n\n\n<h1 class=\"wp-block-heading\"><strong>Cybers\u00e9curit\u00e9<\/strong><\/h1>\n\n\n\n<p>Nous mettons \u00e0 la disposition de nos clients notre expertise en cybers\u00e9curit\u00e9 avec de v\u00e9ritables protocoles de s\u00e9curisation pour leurs infrastructures informatiques. Postes de travail, syst\u00e8mes et r\u00e9seaux : de l\u2019audit \u00e0 la formation en passant par la mise en place de plans d\u2019actions, nous apportons notre expertise \u00e0 toutes les entreprises et collectivit\u00e9s.<\/p>\n\n\n\n<h1 class=\"wp-block-heading\"><strong>Solutions pour op\u00e9rateurs<\/strong><\/h1>\n\n\n\n<p><strong>GPON pour ISP<\/strong><br>SipTelCom est le partenaire officiel de Dasan Zhone pour les produits MSAN et GPON en Afrique subsaharienne.<\/p>\n\n\n\n<p><strong>Expertise et fourniture de mat\u00e9riel pour r\u00e9seaux filaires, cuivre et FO<\/strong><br>Nous proposons aux op\u00e9rateurs \u00e9trangers la fourniture de la totalit\u00e9 de leurs besoins en mat\u00e9riel de lignes publiques T\u00e9l\u00e9com. Cette offre d&rsquo;ensemblier&nbsp;permet aux op\u00e9rateurs d&rsquo;obtenir rapidement une gamme de produits compatibles pour leurs r\u00e9seaux fixes.<\/p>\n\n\n\n<p><em>Solutions r\u00e9seau fibre optique :<\/em><br>&#8211; Equipements de raccordement, manchons, connecteurs, pigtails, jarreti\u00e8res<br>&#8211; C\u00e2bles fibre optique : fibres unimodales et multimodales, totalement conformes aux normes en vigueur<br>&#8211; Des c\u00e2bles optiques d\u00e9velopp\u00e9s en fonction des environnements dans lesquels ils sont utilis\u00e9s.<\/p>\n\n\n\n<p><em>Solutions r\u00e9seau filaire cuivre :<\/em><br>&#8211; C\u00e2bles a\u00e9riens et souterrains (Base 7 et base 10)<br>&#8211; C\u00e2bles d&rsquo;abonn\u00e9s (5\/99)<br>&#8211; C\u00e2bles d&rsquo;installation, jarreti\u00e8res<\/p>\n\n\n\n<p><em>Solutions de raccordement :<\/em><br>&#8211; Equipements pour r\u00e9seaux souterrains (Cadres et dalles en fonte ductile, Equipements pour chambres, Accessoires de g\u00e9nie civil et de tirage de c\u00e2bles, Protections d&rsquo;\u00e9pissures thermor\u00e9tractables et m\u00e9caniques, etc..)<br>&#8211; Equipements pour r\u00e9seaux a\u00e9riens (Poteaux bois et m\u00e9talliques, Accessoires a\u00e9riens (armement, mat\u00e9riel de suspension, mise \u00e0 la terre, etc..)<br>&#8211; Branchement d&rsquo;abonn\u00e9s (Bo\u00eete de raccordement d&rsquo;abonn\u00e9s, Conjoncteurs et autres..)<\/p>\n\n\n\n<p><em>Solutions pour la maintenance :<\/em><br>&#8211;&nbsp;Appareils de mesure<br>&#8211; Outillage<\/p>\n\n\n\n<p><em>Terminaux:<\/em><br>&#8211; Terminaux pour op\u00e9rateurs : analogiques, DECT, IP, CDMA, .<\/p>\n\n\n\n<h1 class=\"wp-block-heading\"><strong>Solutions pour entreprises<\/strong><\/h1>\n\n\n\n<p><strong>Communications unifi\u00e9es<\/strong><br>SipTelCom est partenaire depuis plus de 15 ans de Unify (ex Siemens)&nbsp;pour les serveurs de communications d&rsquo;entreprise<\/p>\n\n\n\n<p><strong>Interconnexion de r\u00e9seaux sans fil d&rsquo;entreprises et de sites distants<\/strong><br>SipTelCom est partenaire de Connectdata pour les produits AIRMUX en Afrique :<\/p>\n\n\n\n<p><em>Solution de vid\u00e9osurveillance<\/em><br>&#8211; Nous proposons des solutions de videosurveillance bas\u00e9es sur les cam\u00e9ras Axis<br><em>Solutions multim\u00e9dias pour h\u00f4tels<\/em><br>&#8211; Routeurs, switchs, points d&rsquo;acc\u00e8s WiFi, contr\u00f4leurs Hotspot, &#8230;<del datetime=\"2017-06-06T08:33:49+00:00\"><\/del><\/p>\n\n\n\n<h1 class=\"wp-block-heading\"><strong>Expert en mat\u00e9riel et \u00e9quipements r\u00e9seaux reconditionn\u00e9s<\/strong><\/h1>\n\n\n\n<p>SipTelCom est le partenaire pour l&rsquo;Afrique de RL Networks, qui fournit du mat\u00e9riel et des \u00e9quipements de r\u00e9seau \u00e0 diverses entreprises du monde entier depuis 1999. Gr\u00e2ce \u00e0 notre \u00e9quipe de professionnels, nous avons les connaissances informatiques et r\u00e9seaux que vous recherchez. Cela nous permet de fournir des services allant du rachat et de la vente de mat\u00e9riel \u00e0 l&rsquo;installation sur site. Gr\u00e2ce \u00e0 notre bonne collaboration avec les plus grandes marques comme Brocade, Cisco, Extreme, HP, Huawei, Juniper et Ruckus, nous pouvons non seulement fournir \u00e0 votre organisation le meilleur \u00e9quipement r\u00e9seau, mais aussi les meilleurs prix.&nbsp;En plus d&rsquo;offrir les derniers \u00e9quipements, nos professionnels examinent quotidiennement le mat\u00e9riel et l&rsquo;\u00e9quipement r\u00e9seau.&nbsp;En utilisant des programmes d&rsquo;audit reconnus, nous fournissons des \u00e9quipements reconditionn\u00e9s de la plus haute qualit\u00e9.<\/p>\n\n\n\n<p><strong>Rachat de mat\u00e9riel<\/strong><br>RL Networks est int\u00e9ress\u00e9 par l&rsquo;achat de votre \u00e9quipement r\u00e9seau, ordinateurs portables, ordinateurs et \/ ou autre mat\u00e9riel informatique.<\/p>\n\n\n\n<p><strong>Notre offre \u00e9quipement r\u00e9seau <\/strong><br>Avec des marques comme <strong>Cisco<\/strong>, <strong>EMC2<\/strong>, <strong>HP<\/strong>, <strong>Huawei<\/strong> et <strong>Juniper<\/strong> dans notre portefeuille, \u00e0 la fois neuf et reconditionn\u00e9, vous \u00eates assur\u00e9 de travailler avec le meilleur mat\u00e9riel et \u00e9quipement r\u00e9seau..<\/p>\n\n\n\n<p><strong>Prestations de service <\/strong><br>Quelque soit votre question, SipTelCom et&nbsp; RL Networks sont l\u00e0 pour vous aider. Nous avons cr\u00e9\u00e9 plusieurs services pour encore mieux vous aider.<\/p>\n\n\n\n<p><\/p>\n","protected":false},"excerpt":{"rendered":"<p>Cybers\u00e9curit\u00e9 Nous mettons \u00e0 la disposition de nos clients notre expertise en cybers\u00e9curit\u00e9 avec de v\u00e9ritables protocoles de s\u00e9curisation pour leurs infrastructures informatiques. Postes de travail, syst\u00e8mes et r\u00e9seaux : de l\u2019audit \u00e0 la formation en passant par la mise en place de plans d\u2019actions, nous apportons notre expertise \u00e0 toutes les entreprises et collectivit\u00e9s. &hellip; <\/p>\n<p class=\"link-more\"><a href=\"https:\/\/siptelcom.fr\/index.php\/nos-solutions\/\" class=\"more-link\">Continuer la lecture<span class=\"screen-reader-text\"> de &laquo;&nbsp;Nos solutions&nbsp;&raquo;<\/span><\/a><\/p>\n","protected":false},"author":1,"featured_media":0,"parent":0,"menu_order":0,"comment_status":"closed","ping_status":"closed","template":"","meta":{"footnotes":""},"_links":{"self":[{"href":"https:\/\/siptelcom.fr\/index.php\/wp-json\/wp\/v2\/pages\/17"}],"collection":[{"href":"https:\/\/siptelcom.fr\/index.php\/wp-json\/wp\/v2\/pages"}],"about":[{"href":"https:\/\/siptelcom.fr\/index.php\/wp-json\/wp\/v2\/types\/page"}],"author":[{"embeddable":true,"href":"https:\/\/siptelcom.fr\/index.php\/wp-json\/wp\/v2\/users\/1"}],"replies":[{"embeddable":true,"href":"https:\/\/siptelcom.fr\/index.php\/wp-json\/wp\/v2\/comments?post=17"}],"version-history":[{"count":10,"href":"https:\/\/siptelcom.fr\/index.php\/wp-json\/wp\/v2\/pages\/17\/revisions"}],"predecessor-version":[{"id":427,"href":"https:\/\/siptelcom.fr\/index.php\/wp-json\/wp\/v2\/pages\/17\/revisions\/427"}],"wp:attachment":[{"href":"https:\/\/siptelcom.fr\/index.php\/wp-json\/wp\/v2\/media?parent=17"}],"curies":[{"name":"wp","href":"https:\/\/api.w.org\/{rel}","templated":true}]}}