{"id":16,"date":"2017-06-05T11:50:12","date_gmt":"2017-06-05T09:50:12","guid":{"rendered":"http:\/\/siptelcom.fr\/?page_id=16"},"modified":"2023-11-02T13:40:36","modified_gmt":"2023-11-02T12:40:36","slug":"accueil","status":"publish","type":"page","link":"https:\/\/siptelcom.fr\/","title":{"rendered":"Accueil"},"content":{"rendered":"\n<p>SipTelCom est une entreprise \u00e0 taille humaine qui travaille essentiellement sur le continent Africain. Elle puise sa force dans sa grande connaissance du march\u00e9 des <strong>t\u00e9l\u00e9communications<\/strong> et de l&rsquo;informatique gr\u00e2ce \u00e0 ses 35 ann\u00e9es d&rsquo;exp\u00e9rience. Au cours de ces derni\u00e8res ann\u00e9es, elle s&rsquo;est sp\u00e9cilais\u00e9e dans l&rsquo;int\u00e9gration de solutions de <strong>Cybers\u00e9curit\u00e9. <\/strong>Sa structure flexible et ind\u00e9pendante garantit \u00e0 ses clients disponibilit\u00e9 et r\u00e9activit\u00e9.<\/p>\n\n\n\n<p>Sp\u00e9cialiste dans le m\u00e9tier, son directeur Bernard JUNKER a acquis une notori\u00e9t\u00e9 gr\u00e2ce \u00e0 son s\u00e9rieux ainsi qu&rsquo;\u00e0 la fiabilit\u00e9 et la qualit\u00e9 des produits qu&rsquo;il propose. Ses nombreux d\u00e9placements en Afrique lui conf\u00e8rent un savoir-faire de terrain. Toujours \u00e0 l&rsquo;affut des derni\u00e8res nouveaut\u00e9s il consacre une grande partie de son temps \u00e0 la veille technologique et dans ce cadre il rencontre r\u00e9guli\u00e8rement ses partenaires.<\/p>\n","protected":false},"excerpt":{"rendered":"<p>SipTelCom est une entreprise \u00e0 taille humaine qui travaille essentiellement sur le continent Africain. Elle puise sa force dans sa grande connaissance du march\u00e9 des t\u00e9l\u00e9communications et de l&rsquo;informatique gr\u00e2ce \u00e0 ses 35 ann\u00e9es d&rsquo;exp\u00e9rience. Au cours de ces derni\u00e8res ann\u00e9es, elle s&rsquo;est sp\u00e9cilais\u00e9e dans l&rsquo;int\u00e9gration de solutions de Cybers\u00e9curit\u00e9. Sa structure flexible et ind\u00e9pendante &hellip; <\/p>\n<p class=\"link-more\"><a href=\"https:\/\/siptelcom.fr\/\" class=\"more-link\">Continuer la lecture<span class=\"screen-reader-text\"> de &laquo;&nbsp;Accueil&nbsp;&raquo;<\/span><\/a><\/p>\n","protected":false},"author":1,"featured_media":0,"parent":0,"menu_order":0,"comment_status":"closed","ping_status":"closed","template":"","meta":{"footnotes":""},"_links":{"self":[{"href":"https:\/\/siptelcom.fr\/index.php\/wp-json\/wp\/v2\/pages\/16"}],"collection":[{"href":"https:\/\/siptelcom.fr\/index.php\/wp-json\/wp\/v2\/pages"}],"about":[{"href":"https:\/\/siptelcom.fr\/index.php\/wp-json\/wp\/v2\/types\/page"}],"author":[{"embeddable":true,"href":"https:\/\/siptelcom.fr\/index.php\/wp-json\/wp\/v2\/users\/1"}],"replies":[{"embeddable":true,"href":"https:\/\/siptelcom.fr\/index.php\/wp-json\/wp\/v2\/comments?post=16"}],"version-history":[{"count":6,"href":"https:\/\/siptelcom.fr\/index.php\/wp-json\/wp\/v2\/pages\/16\/revisions"}],"predecessor-version":[{"id":418,"href":"https:\/\/siptelcom.fr\/index.php\/wp-json\/wp\/v2\/pages\/16\/revisions\/418"}],"wp:attachment":[{"href":"https:\/\/siptelcom.fr\/index.php\/wp-json\/wp\/v2\/media?parent=16"}],"curies":[{"name":"wp","href":"https:\/\/api.w.org\/{rel}","templated":true}]}}