{"id":129,"date":"2017-06-07T09:31:15","date_gmt":"2017-06-07T07:31:15","guid":{"rendered":"https:\/\/siptelcom.fr\/?page_id=129"},"modified":"2023-11-02T17:26:30","modified_gmt":"2023-11-02T16:26:30","slug":"construction-de-lignes-telephoniques","status":"publish","type":"page","link":"https:\/\/siptelcom.fr\/index.php\/nos-produits\/construction-de-lignes-telephoniques\/","title":{"rendered":"Construction de lignes t\u00e9l\u00e9phoniques"},"content":{"rendered":"\n<p><br>EQUIPEMENTS POUR RESEAUX AERIENS<\/p>\n\n\n\n<ul>\n<li>C\u00e2ble fibre optique de branchement a\u00e9rien<\/li>\n\n\n\n<li>C\u00e2ble cuivre base 7 et base 10<\/li>\n\n\n\n<li>C\u00e2ble d&rsquo;abonn\u00e9 5\/99<\/li>\n\n\n\n<li>Poteaux acier galva 7 ou 8m<\/li>\n\n\n\n<li>Poteau bois<\/li>\n\n\n\n<li>Fixation pour c\u00e2ble optique<\/li>\n\n\n\n<li>Fixation pour c\u00e2ble cuivre<\/li>\n\n\n\n<li>Armement<\/li>\n\n\n\n<li>Haubanage<\/li>\n\n\n\n<li>Piquets de terre<\/li>\n\n\n\n<li>Feuillard &#8211; Boucles<\/li>\n\n\n\n<li>Gaines de protection<\/li>\n\n\n\n<li>Grimpettes<\/li>\n\n\n\n<li>&#8230;<\/li>\n<\/ul>\n\n\n\n<p>EQUIPEMENTS POUR RESEAUX SOUTERRAINS<\/p>\n\n\n\n<ul>\n<li>C\u00e2ble fibre optique en conduite<\/li>\n\n\n\n<li>C\u00e2ble fibre optique enterrable<\/li>\n\n\n\n<li>C\u00e2ble cuivre souterrain base 7 et base 10<\/li>\n\n\n\n<li>Cadres et trappes\u00a0<\/li>\n\n\n\n<li>Accessoires pour chambres<\/li>\n\n\n\n<li>Equipements pour le g\u00e9nie civil ; grillage avertisseur, aiguilles, ,gaines annel\u00e9es, &#8230;<\/li>\n<\/ul>\n\n\n\n<p>RACCORDEMENT FTTx ET CUIVRE<\/p>\n\n\n\n<ul>\n<li>C\u00e2blage fibre : jarreti\u00e8res, pigtails, travers\u00e9es, connecteurs SC, LC, ..<\/li>\n\n\n\n<li>Connexion et raccordement fibre : tiroirs optiques, cassettes, splitters, &#8230;<\/li>\n\n\n\n<li><\/li>\n<\/ul>\n\n\n\n<p class=\"has-text-align-center\"><a href=\"https:\/\/siptelcom.fr\/index.php\/nos-produits\/\">Retour<\/a><\/p>\n","protected":false},"excerpt":{"rendered":"<p>EQUIPEMENTS POUR RESEAUX AERIENS EQUIPEMENTS POUR RESEAUX SOUTERRAINS RACCORDEMENT FTTx ET CUIVRE Retour<\/p>\n","protected":false},"author":1,"featured_media":0,"parent":2,"menu_order":0,"comment_status":"closed","ping_status":"closed","template":"","meta":{"footnotes":""},"_links":{"self":[{"href":"https:\/\/siptelcom.fr\/index.php\/wp-json\/wp\/v2\/pages\/129"}],"collection":[{"href":"https:\/\/siptelcom.fr\/index.php\/wp-json\/wp\/v2\/pages"}],"about":[{"href":"https:\/\/siptelcom.fr\/index.php\/wp-json\/wp\/v2\/types\/page"}],"author":[{"embeddable":true,"href":"https:\/\/siptelcom.fr\/index.php\/wp-json\/wp\/v2\/users\/1"}],"replies":[{"embeddable":true,"href":"https:\/\/siptelcom.fr\/index.php\/wp-json\/wp\/v2\/comments?post=129"}],"version-history":[{"count":10,"href":"https:\/\/siptelcom.fr\/index.php\/wp-json\/wp\/v2\/pages\/129\/revisions"}],"predecessor-version":[{"id":462,"href":"https:\/\/siptelcom.fr\/index.php\/wp-json\/wp\/v2\/pages\/129\/revisions\/462"}],"up":[{"embeddable":true,"href":"https:\/\/siptelcom.fr\/index.php\/wp-json\/wp\/v2\/pages\/2"}],"wp:attachment":[{"href":"https:\/\/siptelcom.fr\/index.php\/wp-json\/wp\/v2\/media?parent=129"}],"curies":[{"name":"wp","href":"https:\/\/api.w.org\/{rel}","templated":true}]}}